{"id":21,"date":"2025-03-14T11:07:46","date_gmt":"2025-03-14T14:07:46","guid":{"rendered":"https:\/\/lucasrcm.com.br\/?page_id=21"},"modified":"2025-03-15T12:19:55","modified_gmt":"2025-03-15T15:19:55","slug":"sobre","status":"publish","type":"page","link":"https:\/\/lucasrcm.com.br\/?page_id=21","title":{"rendered":"Sobre"},"content":{"rendered":"\t\t<div data-elementor-type=\"wp-page\" data-elementor-id=\"21\" class=\"elementor elementor-21\" data-elementor-settings=\"{&quot;ha_cmc_init_switcher&quot;:&quot;no&quot;}\">\n\t\t\t\t<div class=\"elementor-element elementor-element-7465437 e-flex e-con-boxed e-con e-parent\" data-id=\"7465437\" data-element_type=\"container\" data-e-type=\"container\" data-settings=\"{&quot;_ha_eqh_enable&quot;:false}\">\n\t\t\t\t\t<div class=\"e-con-inner\">\n\t\t\t\t<div class=\"elementor-element elementor-element-5e899fe elementor-widget elementor-widget-spacer\" data-id=\"5e899fe\" data-element_type=\"widget\" data-e-type=\"widget\" data-widget_type=\"spacer.default\">\n\t\t\t\t<div class=\"elementor-widget-container\">\n\t\t\t\t\t\t\t<div class=\"elementor-spacer\">\n\t\t\t<div class=\"elementor-spacer-inner\"><\/div>\n\t\t<\/div>\n\t\t\t\t\t\t<\/div>\n\t\t\t\t<\/div>\n\t\t\t\t\t<\/div>\n\t\t\t\t<\/div>\n\t\t<div class=\"elementor-element elementor-element-51e2165 e-flex e-con-boxed e-con e-parent\" data-id=\"51e2165\" data-element_type=\"container\" data-e-type=\"container\" data-settings=\"{&quot;_ha_eqh_enable&quot;:false}\">\n\t\t\t\t\t<div class=\"e-con-inner\">\n\t\t<div class=\"elementor-element elementor-element-16f3063 e-con-full e-flex e-con e-child\" data-id=\"16f3063\" data-element_type=\"container\" data-e-type=\"container\" data-settings=\"{&quot;_ha_eqh_enable&quot;:false}\">\n\t\t\t\t<div class=\"elementor-element elementor-element-466eb13 elementor-widget elementor-widget-image\" data-id=\"466eb13\" data-element_type=\"widget\" data-e-type=\"widget\" data-widget_type=\"image.default\">\n\t\t\t\t<div class=\"elementor-widget-container\">\n\t\t\t\t\t\t\t\t\t\t\t\t\t\t\t<img fetchpriority=\"high\" decoding=\"async\" width=\"800\" height=\"800\" src=\"https:\/\/lucasrcm.com.br\/wp-content\/uploads\/2025\/03\/sobre2.jpg\" class=\"attachment-large size-large wp-image-293\" alt=\"\" srcset=\"https:\/\/lucasrcm.com.br\/wp-content\/uploads\/2025\/03\/sobre2.jpg 1024w, https:\/\/lucasrcm.com.br\/wp-content\/uploads\/2025\/03\/sobre2-300x300.jpg 300w, https:\/\/lucasrcm.com.br\/wp-content\/uploads\/2025\/03\/sobre2-150x150.jpg 150w, https:\/\/lucasrcm.com.br\/wp-content\/uploads\/2025\/03\/sobre2-768x768.jpg 768w\" sizes=\"(max-width: 800px) 100vw, 800px\" \/>\t\t\t\t\t\t\t\t\t\t\t\t\t\t\t<\/div>\n\t\t\t\t<\/div>\n\t\t\t\t<\/div>\n\t\t<div class=\"elementor-element elementor-element-7796866 e-con-full e-flex e-con e-child\" data-id=\"7796866\" data-element_type=\"container\" data-e-type=\"container\" data-settings=\"{&quot;_ha_eqh_enable&quot;:false}\">\n\t\t<div class=\"elementor-element elementor-element-0be862d e-con-full e-flex e-con e-child\" data-id=\"0be862d\" data-element_type=\"container\" data-e-type=\"container\" data-settings=\"{&quot;_ha_eqh_enable&quot;:false}\">\n\t\t\t\t<div class=\"elementor-element elementor-element-3e5587b elementor-widget elementor-widget-text-editor\" data-id=\"3e5587b\" data-element_type=\"widget\" data-e-type=\"widget\" data-widget_type=\"text-editor.default\">\n\t\t\t\t<div class=\"elementor-widget-container\">\n\t\t\t\t\t\t\t\t\t<p data-sourcepos=\"5:3-5:64\"><span style=\"font-weight: bolder;\">SAIBA MAIS SOBRE NOSSA METODOLOGIA E ESTRAT\u00c9GIA DE MERCADO<\/span><\/p><div><span style=\"font-weight: bolder;\">\u00a0<\/span><\/div>\t\t\t\t\t\t\t\t<\/div>\n\t\t\t\t<\/div>\n\t\t\t\t<\/div>\n\t\t<div class=\"elementor-element elementor-element-f47ad31 e-con-full e-flex e-con e-child\" data-id=\"f47ad31\" data-element_type=\"container\" data-e-type=\"container\" data-settings=\"{&quot;_ha_eqh_enable&quot;:false}\">\n\t\t\t\t<div class=\"elementor-element elementor-element-e7d6d2c elementor-widget elementor-widget-text-editor\" data-id=\"e7d6d2c\" data-element_type=\"widget\" data-e-type=\"widget\" data-widget_type=\"text-editor.default\">\n\t\t\t\t<div class=\"elementor-widget-container\">\n\t\t\t\t\t\t\t\t\t<p>A Guia Empresa &amp; Neg\u00f3cios \u00e9 uma plataforma B2B que simplifica a conex\u00e3o entre produtos e servi\u00e7os, impulsionando a efici\u00eancia e o crescimento dos seus neg\u00f3cios. Oferecemos solu\u00e7\u00f5es inovadoras e constru\u00edmos parcerias duradouras, com o apoio de nossa equipe especializada, focada em superar suas expectativas.<\/p>\t\t\t\t\t\t\t\t<\/div>\n\t\t\t\t<\/div>\n\t\t\t\t<\/div>\n\t\t\t\t<\/div>\n\t\t\t\t\t<\/div>\n\t\t\t\t<\/div>\n\t\t<div class=\"elementor-element elementor-element-e22278d e-flex e-con-boxed e-con e-parent\" data-id=\"e22278d\" data-element_type=\"container\" data-e-type=\"container\" data-settings=\"{&quot;_ha_eqh_enable&quot;:false}\">\n\t\t\t\t\t<div class=\"e-con-inner\">\n\t\t<div class=\"elementor-element elementor-element-a58ec7f e-con-full e-flex e-con e-child\" data-id=\"a58ec7f\" data-element_type=\"container\" data-e-type=\"container\" data-settings=\"{&quot;_ha_eqh_enable&quot;:false}\">\n\t\t\t\t<div class=\"elementor-element elementor-element-30bf485 elementor-align-center elementor-widget elementor-widget-button\" data-id=\"30bf485\" data-element_type=\"widget\" data-e-type=\"widget\" data-widget_type=\"button.default\">\n\t\t\t\t<div class=\"elementor-widget-container\">\n\t\t\t\t\t\t\t\t\t<div class=\"elementor-button-wrapper\">\n\t\t\t\t\t<a class=\"elementor-button elementor-button-link elementor-size-sm\" href=\"https:\/\/lucasrcm.com.br\/?page_id=253\">\n\t\t\t\t\t\t<span class=\"elementor-button-content-wrapper\">\n\t\t\t\t\t\t\t\t\t<span class=\"elementor-button-text\">An\u00fancie Conosco<\/span>\n\t\t\t\t\t<\/span>\n\t\t\t\t\t<\/a>\n\t\t\t\t<\/div>\n\t\t\t\t\t\t\t\t<\/div>\n\t\t\t\t<\/div>\n\t\t\t\t<\/div>\n\t\t\t\t\t<\/div>\n\t\t\t\t<\/div>\n\t\t<div class=\"elementor-element elementor-element-ade6f4a e-flex e-con-boxed e-con e-parent\" data-id=\"ade6f4a\" data-element_type=\"container\" data-e-type=\"container\" data-settings=\"{&quot;_ha_eqh_enable&quot;:false}\">\n\t\t\t\t\t<div class=\"e-con-inner\">\n\t\t\t\t<div class=\"elementor-element elementor-element-19cf397 elementor-widget elementor-widget-spacer\" data-id=\"19cf397\" data-element_type=\"widget\" data-e-type=\"widget\" data-widget_type=\"spacer.default\">\n\t\t\t\t<div class=\"elementor-widget-container\">\n\t\t\t\t\t\t\t<div class=\"elementor-spacer\">\n\t\t\t<div class=\"elementor-spacer-inner\"><\/div>\n\t\t<\/div>\n\t\t\t\t\t\t<\/div>\n\t\t\t\t<\/div>\n\t\t\t\t\t<\/div>\n\t\t\t\t<\/div>\n\t\t\t\t<\/div>\n\t\t","protected":false},"excerpt":{"rendered":"<p>SAIBA MAIS SOBRE NOSSA METODOLOGIA E ESTRAT\u00c9GIA DE MERCADO \u00a0 A Guia Empresa &amp; Neg\u00f3cios \u00e9 uma plataforma B2B que simplifica a conex\u00e3o entre produtos e servi\u00e7os, impulsionando a efici\u00eancia e o crescimento dos seus neg\u00f3cios. Oferecemos solu\u00e7\u00f5es inovadoras e constru\u00edmos parcerias duradouras, com o apoio de nossa equipe especializada, focada em superar suas expectativas. [&hellip;]<\/p>\n","protected":false},"author":1,"featured_media":0,"parent":0,"menu_order":0,"comment_status":"closed","ping_status":"closed","template":"elementor_header_footer","meta":{"footnotes":""},"class_list":["post-21","page","type-page","status-publish","hentry"],"_links":{"self":[{"href":"https:\/\/lucasrcm.com.br\/index.php?rest_route=\/wp\/v2\/pages\/21","targetHints":{"allow":["GET"]}}],"collection":[{"href":"https:\/\/lucasrcm.com.br\/index.php?rest_route=\/wp\/v2\/pages"}],"about":[{"href":"https:\/\/lucasrcm.com.br\/index.php?rest_route=\/wp\/v2\/types\/page"}],"author":[{"embeddable":true,"href":"https:\/\/lucasrcm.com.br\/index.php?rest_route=\/wp\/v2\/users\/1"}],"replies":[{"embeddable":true,"href":"https:\/\/lucasrcm.com.br\/index.php?rest_route=%2Fwp%2Fv2%2Fcomments&post=21"}],"version-history":[{"count":16,"href":"https:\/\/lucasrcm.com.br\/index.php?rest_route=\/wp\/v2\/pages\/21\/revisions"}],"predecessor-version":[{"id":308,"href":"https:\/\/lucasrcm.com.br\/index.php?rest_route=\/wp\/v2\/pages\/21\/revisions\/308"}],"wp:attachment":[{"href":"https:\/\/lucasrcm.com.br\/index.php?rest_route=%2Fwp%2Fv2%2Fmedia&parent=21"}],"curies":[{"name":"wp","href":"https:\/\/api.w.org\/{rel}","templated":true}]}}